{"id":430,"date":"2024-01-04T17:49:08","date_gmt":"2024-01-04T20:49:08","guid":{"rendered":"https:\/\/bartolomea.com.br\/?page_id=430"},"modified":"2025-10-24T11:51:53","modified_gmt":"2025-10-24T14:51:53","slug":"sistema-de-ensino-2024","status":"publish","type":"page","link":"https:\/\/bartolomea.com.br\/index.php\/sistema-de-ensino-2024\/","title":{"rendered":"2026 &#8211; Sistema de Ensino"},"content":{"rendered":"\t\t<div data-elementor-type=\"wp-page\" data-elementor-id=\"430\" class=\"elementor elementor-430\" data-elementor-settings=\"{&quot;ha_cmc_init_switcher&quot;:&quot;no&quot;}\">\n\t\t\t\t<div class=\"has_eae_slider elementor-element elementor-element-db6bf98 e-flex e-con-boxed e-con e-parent\" data-eae-slider=\"71298\" data-id=\"db6bf98\" data-element_type=\"container\" data-settings=\"{&quot;background_background&quot;:&quot;classic&quot;,&quot;_ha_eqh_enable&quot;:false}\">\n\t\t\t\t\t<div class=\"e-con-inner\">\n\t\t<div class=\"has_eae_slider elementor-element elementor-element-7958191 e-flex e-con-boxed e-con e-child\" data-eae-slider=\"888\" data-id=\"7958191\" data-element_type=\"container\" data-settings=\"{&quot;_ha_eqh_enable&quot;:false}\">\n\t\t\t\t\t<div class=\"e-con-inner\">\n\t\t\t\t<div class=\"elementor-element elementor-element-f438183 premium-header-block elementor-widget__width-initial premium-lq__none premium-box-lq__none ha-has-bg-overlay elementor-widget elementor-widget-premium-addon-dual-header\" data-id=\"f438183\" data-element_type=\"widget\" data-widget_type=\"premium-addon-dual-header.default\">\n\t\t\t\t\t\n\t\t<div class=\"elementor-widget-container\">\n\t\t\t\t\t<h2 class=\"premium-dual-header-first-header \"><span class=\"premium-dual-header-first-span\">Sistema <\/span><span class=\"premium-dual-header-second-header \">de Ensino<\/span><\/h2> \t\t\t\t<\/div>\n\n\t\t\t\t\t\t<\/div>\n\t\t\t\t<div class=\"elementor-element elementor-element-30c760e elementor-widget elementor-widget-spacer\" data-id=\"30c760e\" data-element_type=\"widget\" data-widget_type=\"spacer.default\">\n\t\t\t\t<div class=\"elementor-widget-container\">\n\t\t\t\t\t\t\t<div class=\"elementor-spacer\">\n\t\t\t<div class=\"elementor-spacer-inner\"><\/div>\n\t\t<\/div>\n\t\t\t\t\t\t<\/div>\n\t\t\t\t<\/div>\n\t\t\t\t\t<\/div>\n\t\t\t\t<\/div>\n\t\t\t\t\t<\/div>\n\t\t\t\t<\/div>\n\t\t<div class=\"has_eae_slider elementor-element elementor-element-cf35e91 e-flex e-con-boxed e-con e-parent\" data-eae-slider=\"73799\" data-id=\"cf35e91\" data-element_type=\"container\" data-settings=\"{&quot;background_background&quot;:&quot;classic&quot;,&quot;_ha_eqh_enable&quot;:false}\">\n\t\t\t\t\t<div class=\"e-con-inner\">\n\t\t\t\t<div class=\"elementor-element elementor-element-05e54a6 elementor-widget__width-initial elementor-absolute e-transform elementor-widget elementor-widget-image\" data-id=\"05e54a6\" data-element_type=\"widget\" data-settings=\"{&quot;_position&quot;:&quot;absolute&quot;,&quot;_transform_rotateZ_effect&quot;:{&quot;unit&quot;:&quot;px&quot;,&quot;size&quot;:35,&quot;sizes&quot;:[]},&quot;_transform_rotateZ_effect_tablet&quot;:{&quot;unit&quot;:&quot;deg&quot;,&quot;size&quot;:&quot;&quot;,&quot;sizes&quot;:[]},&quot;_transform_rotateZ_effect_mobile&quot;:{&quot;unit&quot;:&quot;deg&quot;,&quot;size&quot;:&quot;&quot;,&quot;sizes&quot;:[]}}\" data-widget_type=\"image.default\">\n\t\t\t\t<div class=\"elementor-widget-container\">\n\t\t\t\t\t\t\t\t\t\t\t\t\t\t\t<img decoding=\"async\" width=\"112\" height=\"375\" src=\"https:\/\/bartolomea.com.br\/wp-content\/uploads\/2023\/12\/linha-vermelha-2-v2.webp\" class=\"attachment-large size-large wp-image-185\" alt=\"\" srcset=\"https:\/\/bartolomea.com.br\/wp-content\/uploads\/2023\/12\/linha-vermelha-2-v2.webp 112w, https:\/\/bartolomea.com.br\/wp-content\/uploads\/2023\/12\/linha-vermelha-2-v2-90x300.webp 90w\" sizes=\"(max-width: 112px) 100vw, 112px\" \/>\t\t\t\t\t\t\t\t\t\t\t\t\t\t\t<\/div>\n\t\t\t\t<\/div>\n\t\t\t\t<div class=\"elementor-element elementor-element-c503889 elementor-widget__width-initial elementor-absolute elementor-widget elementor-widget-image\" data-id=\"c503889\" data-element_type=\"widget\" data-settings=\"{&quot;_position&quot;:&quot;absolute&quot;}\" data-widget_type=\"image.default\">\n\t\t\t\t<div class=\"elementor-widget-container\">\n\t\t\t\t\t\t\t\t\t\t\t\t\t\t\t<img fetchpriority=\"high\" decoding=\"async\" width=\"276\" height=\"192\" src=\"https:\/\/bartolomea.com.br\/wp-content\/uploads\/2023\/12\/linha-amarela-2-v2.webp\" class=\"attachment-large size-large wp-image-186\" alt=\"\" \/>\t\t\t\t\t\t\t\t\t\t\t\t\t\t\t<\/div>\n\t\t\t\t<\/div>\n\t\t<div class=\"has_eae_slider elementor-element elementor-element-a7374c9 e-flex e-con-boxed e-con e-child\" data-eae-slider=\"72601\" data-id=\"a7374c9\" data-element_type=\"container\" data-settings=\"{&quot;_ha_eqh_enable&quot;:false}\">\n\t\t\t\t\t<div class=\"e-con-inner\">\n\t\t\t\t<div class=\"elementor-element elementor-element-7a6d4a2 elementor-widget__width-initial elementor-widget elementor-widget-image\" data-id=\"7a6d4a2\" data-element_type=\"widget\" data-widget_type=\"image.default\">\n\t\t\t\t<div class=\"elementor-widget-container\">\n\t\t\t\t\t\t\t\t\t\t\t\t\t\t\t\t<a href=\"https:\/\/www.sistemapoliedro.com.br\/\">\n\t\t\t\t\t\t\t<img decoding=\"async\" width=\"1000\" height=\"828\" src=\"https:\/\/bartolomea.com.br\/wp-content\/uploads\/2025\/10\/Poliedro.png\" class=\"attachment-large size-large wp-image-978\" alt=\"\" srcset=\"https:\/\/bartolomea.com.br\/wp-content\/uploads\/2025\/10\/Poliedro.png 1000w, https:\/\/bartolomea.com.br\/wp-content\/uploads\/2025\/10\/Poliedro-300x248.png 300w, https:\/\/bartolomea.com.br\/wp-content\/uploads\/2025\/10\/Poliedro-768x636.png 768w\" sizes=\"(max-width: 1000px) 100vw, 1000px\" \/>\t\t\t\t\t\t\t\t<\/a>\n\t\t\t\t\t\t\t\t\t\t\t\t\t\t\t<\/div>\n\t\t\t\t<\/div>\n\t\t\t\t<div class=\"elementor-element elementor-element-03070bc elementor-widget__width-initial elementor-widget elementor-widget-text-editor\" data-id=\"03070bc\" data-element_type=\"widget\" data-widget_type=\"text-editor.default\">\n\t\t\t\t<div class=\"elementor-widget-container\">\n\t\t\t\t\t\t\t\t\t<p><span style=\"font-weight: 400;\">Buscamos um grande avan\u00e7o de modo a enriquecer o conhecimento de nossos alunos atrav\u00e9s do Poliedro Sistema de Ensino.<\/span><\/p>\t\t\t\t\t\t\t\t<\/div>\n\t\t\t\t<\/div>\n\t\t\t\t\t<\/div>\n\t\t\t\t<\/div>\n\t\t<div class=\"has_eae_slider elementor-element elementor-element-128d194 e-con-full e-flex e-con e-child\" data-eae-slider=\"95134\" data-id=\"128d194\" data-element_type=\"container\" data-settings=\"{&quot;background_background&quot;:&quot;classic&quot;,&quot;_ha_eqh_enable&quot;:false}\">\n\t\t\t\t<div class=\"elementor-element elementor-element-5037cf8 premium-header-block elementor-widget__width-initial premium-lq__none premium-box-lq__none elementor-widget elementor-widget-premium-addon-dual-header\" data-id=\"5037cf8\" data-element_type=\"widget\" data-widget_type=\"premium-addon-dual-header.default\">\n\t\t\t\t\t\n\t\t<div class=\"elementor-widget-container\">\n\t\t\t\t\t<h2 class=\"premium-dual-header-first-header \"><span class=\"premium-dual-header-first-span\">Veja alguns diferenciais desse sistema <\/span><span class=\"premium-dual-header-second-header \">que \u00e9 reconhecido nacionalmente!<\/span><\/h2> \t\t\t\t<\/div>\n\n\t\t\t\t\t\t<\/div>\n\t\t<div class=\"has_eae_slider elementor-element elementor-element-6100b84 e-con-full e-flex e-con e-child\" data-eae-slider=\"42002\" data-id=\"6100b84\" data-element_type=\"container\" data-settings=\"{&quot;_ha_eqh_enable&quot;:false}\">\n\t\t<div class=\"has_eae_slider elementor-element elementor-element-a0249f2 e-flex e-con-boxed e-con e-child\" data-eae-slider=\"34349\" data-id=\"a0249f2\" data-element_type=\"container\" data-settings=\"{&quot;_ha_eqh_enable&quot;:false}\">\n\t\t\t\t\t<div class=\"e-con-inner\">\n\t\t\t\t<div class=\"elementor-element elementor-element-e4721c4 elementor-widget__width-initial elementor-widget elementor-widget-image\" data-id=\"e4721c4\" data-element_type=\"widget\" data-widget_type=\"image.default\">\n\t\t\t\t<div class=\"elementor-widget-container\">\n\t\t\t\t\t\t\t\t\t\t\t\t\t\t\t<img loading=\"lazy\" decoding=\"async\" width=\"120\" height=\"120\" src=\"https:\/\/bartolomea.com.br\/wp-content\/uploads\/2024\/01\/Bartolomea-icone-materiais-didaticos-atualizados.webp\" class=\"elementor-animation-float attachment-large size-large wp-image-571\" alt=\"\" \/>\t\t\t\t\t\t\t\t\t\t\t\t\t\t\t<\/div>\n\t\t\t\t<\/div>\n\t\t\t\t<div class=\"elementor-element elementor-element-9d4717b elementor-widget__width-initial elementor-widget elementor-widget-heading\" data-id=\"9d4717b\" data-element_type=\"widget\" data-widget_type=\"heading.default\">\n\t\t\t\t<div class=\"elementor-widget-container\">\n\t\t\t\t\t<h3 class=\"elementor-heading-title elementor-size-default\">Cole\u00e7\u00f5es completas e atualizadas, produzidas por renomados autores e autoras do mercado educacional do pa\u00eds. Todo conte\u00fado \u00e9 criteriosamente elaborado para cada fase da vida escolar, com uma sequ\u00eancia did\u00e1tica inigual\u00e1vel. Para facilitar ainda mais, os materiais possuem vers\u00f5es digitais.<\/h3>\t\t\t\t<\/div>\n\t\t\t\t<\/div>\n\t\t\t\t\t<\/div>\n\t\t\t\t<\/div>\n\t\t<div class=\"has_eae_slider elementor-element elementor-element-a69ae9b e-flex e-con-boxed e-con e-child\" data-eae-slider=\"59364\" data-id=\"a69ae9b\" data-element_type=\"container\" data-settings=\"{&quot;_ha_eqh_enable&quot;:false}\">\n\t\t\t\t\t<div class=\"e-con-inner\">\n\t\t\t\t<div class=\"elementor-element elementor-element-1933244 elementor-widget__width-initial elementor-widget elementor-widget-image\" data-id=\"1933244\" data-element_type=\"widget\" data-widget_type=\"image.default\">\n\t\t\t\t<div class=\"elementor-widget-container\">\n\t\t\t\t\t\t\t\t\t\t\t\t\t\t\t<img loading=\"lazy\" decoding=\"async\" width=\"120\" height=\"120\" src=\"https:\/\/bartolomea.com.br\/wp-content\/uploads\/2024\/01\/Bartolomea-icone-formacao-de-competencias.webp\" class=\"elementor-animation-float attachment-large size-large wp-image-569\" alt=\"\" \/>\t\t\t\t\t\t\t\t\t\t\t\t\t\t\t<\/div>\n\t\t\t\t<\/div>\n\t\t\t\t<div class=\"elementor-element elementor-element-55fc65d elementor-widget__width-initial elementor-widget elementor-widget-heading\" data-id=\"55fc65d\" data-element_type=\"widget\" data-widget_type=\"heading.default\">\n\t\t\t\t<div class=\"elementor-widget-container\">\n\t\t\t\t\t<h3 class=\"elementor-heading-title elementor-size-default\">S\u00f3lida forma\u00e7\u00e3o das compet\u00eancias lingu\u00edsticas, do racioc\u00ednio l\u00f3gico e matem\u00e1tico. Com Olimp\u00edadas Cinet\u00edficas, Revista Leia Agora com publica\u00e7\u00e3o digital mensal que oferece aos alunos uma vis\u00e3o ampla dos principais debates da sociedade contempor\u00e2nea que amplia o repert\u00f3rio do estudante e desenvolve o pensamento cr\u00edtico.<\/h3>\t\t\t\t<\/div>\n\t\t\t\t<\/div>\n\t\t\t\t\t<\/div>\n\t\t\t\t<\/div>\n\t\t<div class=\"has_eae_slider elementor-element elementor-element-aea4a3c e-flex e-con-boxed e-con e-child\" data-eae-slider=\"27747\" data-id=\"aea4a3c\" data-element_type=\"container\" data-settings=\"{&quot;_ha_eqh_enable&quot;:false}\">\n\t\t\t\t\t<div class=\"e-con-inner\">\n\t\t\t\t<div class=\"elementor-element elementor-element-1021b9d elementor-widget__width-initial elementor-widget elementor-widget-image\" data-id=\"1021b9d\" data-element_type=\"widget\" data-widget_type=\"image.default\">\n\t\t\t\t<div class=\"elementor-widget-container\">\n\t\t\t\t\t\t\t\t\t\t\t\t\t\t\t<img loading=\"lazy\" decoding=\"async\" width=\"120\" height=\"120\" src=\"https:\/\/bartolomea.com.br\/wp-content\/uploads\/2024\/01\/Bartolomea-icone-inciacao-cientifica.webp\" class=\"elementor-animation-float attachment-large size-large wp-image-570\" alt=\"\" \/>\t\t\t\t\t\t\t\t\t\t\t\t\t\t\t<\/div>\n\t\t\t\t<\/div>\n\t\t\t\t<div class=\"elementor-element elementor-element-2b4f212 elementor-widget__width-initial elementor-widget elementor-widget-heading\" data-id=\"2b4f212\" data-element_type=\"widget\" data-widget_type=\"heading.default\">\n\t\t\t\t<div class=\"elementor-widget-container\">\n\t\t\t\t\t<h3 class=\"elementor-heading-title elementor-size-default\">As escolas associadas do Poliedro Sistema de Ensino alcan\u00e7aram a maior m\u00e9dia (631.3) no ENEM 2019, segundo o BTG Pactual. A pesquisa, realizada no in\u00edcio de 2020, analisou o desempenho de 1.870 institui\u00e7\u00f5es de 12 grupos educacionais.<\/h3>\t\t\t\t<\/div>\n\t\t\t\t<\/div>\n\t\t\t\t\t<\/div>\n\t\t\t\t<\/div>\n\t\t\t\t<\/div>\n\t\t\t\t<\/div>\n\t\t\t\t\t<\/div>\n\t\t\t\t<\/div>\n\t\t\t\t<\/div>\n\t\t","protected":false},"excerpt":{"rendered":"<p>Sistema de Ensino Buscamos um grande avan\u00e7o de modo a enriquecer o conhecimento de nossos alunos atrav\u00e9s do Poliedro Sistema de Ensino. Veja alguns diferenciais desse sistema que \u00e9 reconhecido nacionalmente! Cole\u00e7\u00f5es completas e atualizadas, produzidas por renomados autores e autoras do mercado educacional do pa\u00eds. Todo conte\u00fado \u00e9 criteriosamente elaborado para cada fase da [&hellip;]<\/p>\n","protected":false},"author":2,"featured_media":0,"parent":0,"menu_order":0,"comment_status":"closed","ping_status":"closed","template":"","meta":{"site-sidebar-layout":"no-sidebar","site-content-layout":"","ast-site-content-layout":"full-width-container","site-content-style":"default","site-sidebar-style":"default","ast-global-header-display":"","ast-banner-title-visibility":"","ast-main-header-display":"","ast-hfb-above-header-display":"","ast-hfb-below-header-display":"","ast-hfb-mobile-header-display":"","site-post-title":"disabled","ast-breadcrumbs-content":"","ast-featured-img":"disabled","footer-sml-layout":"","ast-disable-related-posts":"","theme-transparent-header-meta":"","adv-header-id-meta":"","stick-header-meta":"","header-above-stick-meta":"","header-main-stick-meta":"","header-below-stick-meta":"","astra-migrate-meta-layouts":"default","ast-page-background-enabled":"default","ast-page-background-meta":{"desktop":{"background-color":"var(--ast-global-color-4)","background-image":"","background-repeat":"repeat","background-position":"center center","background-size":"auto","background-attachment":"scroll","background-type":"","background-media":"","overlay-type":"","overlay-color":"","overlay-opacity":"","overlay-gradient":""},"tablet":{"background-color":"","background-image":"","background-repeat":"repeat","background-position":"center center","background-size":"auto","background-attachment":"scroll","background-type":"","background-media":"","overlay-type":"","overlay-color":"","overlay-opacity":"","overlay-gradient":""},"mobile":{"background-color":"","background-image":"","background-repeat":"repeat","background-position":"center center","background-size":"auto","background-attachment":"scroll","background-type":"","background-media":"","overlay-type":"","overlay-color":"","overlay-opacity":"","overlay-gradient":""}},"ast-content-background-meta":{"desktop":{"background-color":"var(--ast-global-color-5)","background-image":"","background-repeat":"repeat","background-position":"center center","background-size":"auto","background-attachment":"scroll","background-type":"","background-media":"","overlay-type":"","overlay-color":"","overlay-opacity":"","overlay-gradient":""},"tablet":{"background-color":"var(--ast-global-color-5)","background-image":"","background-repeat":"repeat","background-position":"center center","background-size":"auto","background-attachment":"scroll","background-type":"","background-media":"","overlay-type":"","overlay-color":"","overlay-opacity":"","overlay-gradient":""},"mobile":{"background-color":"var(--ast-global-color-5)","background-image":"","background-repeat":"repeat","background-position":"center center","background-size":"auto","background-attachment":"scroll","background-type":"","background-media":"","overlay-type":"","overlay-color":"","overlay-opacity":"","overlay-gradient":""}},"footnotes":""},"yoast_head":"<!-- This site is optimized with the Yoast SEO plugin v23.5 - https:\/\/yoast.com\/wordpress\/plugins\/seo\/ -->\n<title>2026 - Sistema de Ensino - Col\u00e9gio Santa Bartolomea Capitanio<\/title>\n<meta name=\"robots\" content=\"index, follow, max-snippet:-1, max-image-preview:large, max-video-preview:-1\" \/>\n<link rel=\"canonical\" href=\"https:\/\/bartolomea.com.br\/index.php\/sistema-de-ensino-2024\/\" \/>\n<meta property=\"og:locale\" content=\"pt_BR\" \/>\n<meta property=\"og:type\" content=\"article\" \/>\n<meta property=\"og:title\" content=\"2026 - Sistema de Ensino - Col\u00e9gio Santa Bartolomea Capitanio\" \/>\n<meta property=\"og:description\" content=\"Sistema de Ensino Buscamos um grande avan\u00e7o de modo a enriquecer o conhecimento de nossos alunos atrav\u00e9s do Poliedro Sistema de Ensino. Veja alguns diferenciais desse sistema que \u00e9 reconhecido nacionalmente! Cole\u00e7\u00f5es completas e atualizadas, produzidas por renomados autores e autoras do mercado educacional do pa\u00eds. Todo conte\u00fado \u00e9 criteriosamente elaborado para cada fase da [&hellip;]\" \/>\n<meta property=\"og:url\" content=\"https:\/\/bartolomea.com.br\/index.php\/sistema-de-ensino-2024\/\" \/>\n<meta property=\"og:site_name\" content=\"Col\u00e9gio Santa Bartolomea Capitanio\" \/>\n<meta property=\"article:modified_time\" content=\"2025-10-24T14:51:53+00:00\" \/>\n<meta property=\"og:image\" content=\"http:\/\/bartolomea.com.br\/wp-content\/uploads\/2023\/12\/linha-vermelha-2-v2.webp\" \/>\n<meta name=\"twitter:card\" content=\"summary_large_image\" \/>\n<meta name=\"twitter:label1\" content=\"Est. tempo de leitura\" \/>\n\t<meta name=\"twitter:data1\" content=\"3 minutos\" \/>\n<script type=\"application\/ld+json\" class=\"yoast-schema-graph\">{\"@context\":\"https:\/\/schema.org\",\"@graph\":[{\"@type\":\"WebPage\",\"@id\":\"https:\/\/bartolomea.com.br\/index.php\/sistema-de-ensino-2024\/\",\"url\":\"https:\/\/bartolomea.com.br\/index.php\/sistema-de-ensino-2024\/\",\"name\":\"2026 - Sistema de Ensino - Col\u00e9gio Santa Bartolomea Capitanio\",\"isPartOf\":{\"@id\":\"https:\/\/bartolomea.com.br\/#website\"},\"primaryImageOfPage\":{\"@id\":\"https:\/\/bartolomea.com.br\/index.php\/sistema-de-ensino-2024\/#primaryimage\"},\"image\":{\"@id\":\"https:\/\/bartolomea.com.br\/index.php\/sistema-de-ensino-2024\/#primaryimage\"},\"thumbnailUrl\":\"http:\/\/bartolomea.com.br\/wp-content\/uploads\/2023\/12\/linha-vermelha-2-v2.webp\",\"datePublished\":\"2024-01-04T20:49:08+00:00\",\"dateModified\":\"2025-10-24T14:51:53+00:00\",\"breadcrumb\":{\"@id\":\"https:\/\/bartolomea.com.br\/index.php\/sistema-de-ensino-2024\/#breadcrumb\"},\"inLanguage\":\"pt-BR\",\"potentialAction\":[{\"@type\":\"ReadAction\",\"target\":[\"https:\/\/bartolomea.com.br\/index.php\/sistema-de-ensino-2024\/\"]}]},{\"@type\":\"ImageObject\",\"inLanguage\":\"pt-BR\",\"@id\":\"https:\/\/bartolomea.com.br\/index.php\/sistema-de-ensino-2024\/#primaryimage\",\"url\":\"https:\/\/bartolomea.com.br\/wp-content\/uploads\/2023\/12\/linha-vermelha-2-v2.webp\",\"contentUrl\":\"https:\/\/bartolomea.com.br\/wp-content\/uploads\/2023\/12\/linha-vermelha-2-v2.webp\",\"width\":112,\"height\":375},{\"@type\":\"BreadcrumbList\",\"@id\":\"https:\/\/bartolomea.com.br\/index.php\/sistema-de-ensino-2024\/#breadcrumb\",\"itemListElement\":[{\"@type\":\"ListItem\",\"position\":1,\"name\":\"In\u00edcio\",\"item\":\"https:\/\/bartolomea.com.br\/\"},{\"@type\":\"ListItem\",\"position\":2,\"name\":\"2026 &#8211; Sistema de Ensino\"}]},{\"@type\":\"WebSite\",\"@id\":\"https:\/\/bartolomea.com.br\/#website\",\"url\":\"https:\/\/bartolomea.com.br\/\",\"name\":\"Col\u00e9gio Santa Bartolomea Capitanio\",\"description\":\"\",\"potentialAction\":[{\"@type\":\"SearchAction\",\"target\":{\"@type\":\"EntryPoint\",\"urlTemplate\":\"https:\/\/bartolomea.com.br\/?s={search_term_string}\"},\"query-input\":{\"@type\":\"PropertyValueSpecification\",\"valueRequired\":true,\"valueName\":\"search_term_string\"}}],\"inLanguage\":\"pt-BR\"}]}<\/script>\n<!-- \/ Yoast SEO plugin. -->","yoast_head_json":{"title":"2026 - Sistema de Ensino - Col\u00e9gio Santa Bartolomea Capitanio","robots":{"index":"index","follow":"follow","max-snippet":"max-snippet:-1","max-image-preview":"max-image-preview:large","max-video-preview":"max-video-preview:-1"},"canonical":"https:\/\/bartolomea.com.br\/index.php\/sistema-de-ensino-2024\/","og_locale":"pt_BR","og_type":"article","og_title":"2026 - Sistema de Ensino - Col\u00e9gio Santa Bartolomea Capitanio","og_description":"Sistema de Ensino Buscamos um grande avan\u00e7o de modo a enriquecer o conhecimento de nossos alunos atrav\u00e9s do Poliedro Sistema de Ensino. Veja alguns diferenciais desse sistema que \u00e9 reconhecido nacionalmente! Cole\u00e7\u00f5es completas e atualizadas, produzidas por renomados autores e autoras do mercado educacional do pa\u00eds. Todo conte\u00fado \u00e9 criteriosamente elaborado para cada fase da [&hellip;]","og_url":"https:\/\/bartolomea.com.br\/index.php\/sistema-de-ensino-2024\/","og_site_name":"Col\u00e9gio Santa Bartolomea Capitanio","article_modified_time":"2025-10-24T14:51:53+00:00","og_image":[{"url":"http:\/\/bartolomea.com.br\/wp-content\/uploads\/2023\/12\/linha-vermelha-2-v2.webp"}],"twitter_card":"summary_large_image","twitter_misc":{"Est. tempo de leitura":"3 minutos"},"schema":{"@context":"https:\/\/schema.org","@graph":[{"@type":"WebPage","@id":"https:\/\/bartolomea.com.br\/index.php\/sistema-de-ensino-2024\/","url":"https:\/\/bartolomea.com.br\/index.php\/sistema-de-ensino-2024\/","name":"2026 - Sistema de Ensino - Col\u00e9gio Santa Bartolomea Capitanio","isPartOf":{"@id":"https:\/\/bartolomea.com.br\/#website"},"primaryImageOfPage":{"@id":"https:\/\/bartolomea.com.br\/index.php\/sistema-de-ensino-2024\/#primaryimage"},"image":{"@id":"https:\/\/bartolomea.com.br\/index.php\/sistema-de-ensino-2024\/#primaryimage"},"thumbnailUrl":"http:\/\/bartolomea.com.br\/wp-content\/uploads\/2023\/12\/linha-vermelha-2-v2.webp","datePublished":"2024-01-04T20:49:08+00:00","dateModified":"2025-10-24T14:51:53+00:00","breadcrumb":{"@id":"https:\/\/bartolomea.com.br\/index.php\/sistema-de-ensino-2024\/#breadcrumb"},"inLanguage":"pt-BR","potentialAction":[{"@type":"ReadAction","target":["https:\/\/bartolomea.com.br\/index.php\/sistema-de-ensino-2024\/"]}]},{"@type":"ImageObject","inLanguage":"pt-BR","@id":"https:\/\/bartolomea.com.br\/index.php\/sistema-de-ensino-2024\/#primaryimage","url":"https:\/\/bartolomea.com.br\/wp-content\/uploads\/2023\/12\/linha-vermelha-2-v2.webp","contentUrl":"https:\/\/bartolomea.com.br\/wp-content\/uploads\/2023\/12\/linha-vermelha-2-v2.webp","width":112,"height":375},{"@type":"BreadcrumbList","@id":"https:\/\/bartolomea.com.br\/index.php\/sistema-de-ensino-2024\/#breadcrumb","itemListElement":[{"@type":"ListItem","position":1,"name":"In\u00edcio","item":"https:\/\/bartolomea.com.br\/"},{"@type":"ListItem","position":2,"name":"2026 &#8211; Sistema de Ensino"}]},{"@type":"WebSite","@id":"https:\/\/bartolomea.com.br\/#website","url":"https:\/\/bartolomea.com.br\/","name":"Col\u00e9gio Santa Bartolomea Capitanio","description":"","potentialAction":[{"@type":"SearchAction","target":{"@type":"EntryPoint","urlTemplate":"https:\/\/bartolomea.com.br\/?s={search_term_string}"},"query-input":{"@type":"PropertyValueSpecification","valueRequired":true,"valueName":"search_term_string"}}],"inLanguage":"pt-BR"}]}},"_links":{"self":[{"href":"https:\/\/bartolomea.com.br\/index.php\/wp-json\/wp\/v2\/pages\/430"}],"collection":[{"href":"https:\/\/bartolomea.com.br\/index.php\/wp-json\/wp\/v2\/pages"}],"about":[{"href":"https:\/\/bartolomea.com.br\/index.php\/wp-json\/wp\/v2\/types\/page"}],"author":[{"embeddable":true,"href":"https:\/\/bartolomea.com.br\/index.php\/wp-json\/wp\/v2\/users\/2"}],"replies":[{"embeddable":true,"href":"https:\/\/bartolomea.com.br\/index.php\/wp-json\/wp\/v2\/comments?post=430"}],"version-history":[{"count":46,"href":"https:\/\/bartolomea.com.br\/index.php\/wp-json\/wp\/v2\/pages\/430\/revisions"}],"predecessor-version":[{"id":988,"href":"https:\/\/bartolomea.com.br\/index.php\/wp-json\/wp\/v2\/pages\/430\/revisions\/988"}],"wp:attachment":[{"href":"https:\/\/bartolomea.com.br\/index.php\/wp-json\/wp\/v2\/media?parent=430"}],"curies":[{"name":"wp","href":"https:\/\/api.w.org\/{rel}","templated":true}]}}